{"id":4888,"date":"2022-04-05T13:54:15","date_gmt":"2022-04-05T13:54:15","guid":{"rendered":"https:\/\/patiotime.loftocean.com\/demo2\/?page_id=4888"},"modified":"2025-09-11T16:25:51","modified_gmt":"2025-09-11T14:25:51","slug":"home","status":"publish","type":"page","link":"https:\/\/batak.hr\/en\/","title":{"rendered":"BATAK &#8211; Dobro pe\u010dena pri\u010da"},"content":{"rendered":"<div data-elementor-type=\"wp-page\" data-elementor-id=\"4888\" class=\"elementor elementor-4888\">\n\t\t\t\t\t\t<section class=\"elementor-section elementor-top-section elementor-element elementor-element-44931004 elementor-section-full_width elementor-section-height-default elementor-section-height-default\" data-id=\"44931004\" data-element_type=\"section\" data-e-type=\"section\">\n\t\t\t\t\t\t<div class=\"elementor-container elementor-column-gap-no\">\n\t\t\t\t\t<div class=\"elementor-column elementor-col-100 elementor-top-column elementor-element elementor-element-3b0e2fe0 dark-color\" data-id=\"3b0e2fe0\" data-element_type=\"column\" data-e-type=\"column\">\n\t\t\t<div class=\"elementor-widget-wrap elementor-element-populated\">\n\t\t\t\t\t\t<div class=\"elementor-element elementor-element-7230cb64 elementor-widget-mobile__width-inherit elementor-widget elementor-widget-pt_slider\" data-id=\"7230cb64\" data-element_type=\"widget\" data-e-type=\"widget\" data-widget_type=\"pt_slider.default\">\n\t\t\t\t<div class=\"elementor-widget-container\">\n\t\t\t\t\t\n            <div class=\"pt-slider\" data-autoplay=\"on\" data-autoplay-speed=\"5000\" data-show-arrows=\"\" data-show-dots=\"\">\n                <div class=\"pt-slider-wrap\">                    <div class=\"pt-slider-item\">\t\t\t<link rel=\"stylesheet\" id=\"elementor-post-5595-css\" href=\"https:\/\/batak.hr\/wp-content\/uploads\/elementor\/css\/post-5595.css?ver=1776685576\" type=\"text\/css\" media=\"all\">\t\t<div data-elementor-type=\"wp-post\" data-elementor-id=\"5595\" class=\"elementor elementor-5595\">\n\t\t\t\t\t\t<section class=\"elementor-section elementor-top-section elementor-element elementor-element-33f49540 elementor-section-height-min-height pt-section-content-fullwidth elementor-section-full_width elementor-section-height-default elementor-section-items-middle\" data-id=\"33f49540\" data-element_type=\"section\" data-e-type=\"section\" data-settings=\"{&quot;background_background&quot;:&quot;classic&quot;}\">\n\t\t\t\t\t\t\t<div class=\"elementor-background-overlay\"><\/div>\n\t\t\t\t\t\t\t<div class=\"elementor-container elementor-column-gap-no\">\n\t\t\t\t\t<div class=\"elementor-column elementor-col-100 elementor-top-column elementor-element elementor-element-5fd51f4\" data-id=\"5fd51f4\" data-element_type=\"column\" data-e-type=\"column\">\n\t\t\t<div class=\"elementor-widget-wrap\">\n\t\t\t\t\t\t\t<\/div>\n\t\t<\/div>\n\t\t\t\t\t<\/div>\n\t\t<\/section>\n\t\t\t\t<\/div>\n\t\t                    <\/div>                    <div class=\"pt-slider-item hide\">\t\t\t<link rel=\"stylesheet\" id=\"elementor-post-6931-css\" href=\"https:\/\/batak.hr\/wp-content\/uploads\/elementor\/css\/post-6931.css?ver=1776685576\" type=\"text\/css\" media=\"all\">\t\t<div data-elementor-type=\"wp-post\" data-elementor-id=\"6931\" class=\"elementor elementor-6931\">\n\t\t\t\t\t\t<section class=\"elementor-section elementor-top-section elementor-element elementor-element-33f49540 elementor-section-height-min-height pt-section-content-fullwidth elementor-section-full_width elementor-section-height-default elementor-section-items-middle\" data-id=\"33f49540\" data-element_type=\"section\" data-e-type=\"section\" data-settings=\"{&quot;background_background&quot;:&quot;classic&quot;}\">\n\t\t\t\t\t\t\t<div class=\"elementor-background-overlay\"><\/div>\n\t\t\t\t\t\t\t<div class=\"elementor-container elementor-column-gap-no\">\n\t\t\t\t\t<div class=\"elementor-column elementor-col-100 elementor-top-column elementor-element elementor-element-5fd51f4\" data-id=\"5fd51f4\" data-element_type=\"column\" data-e-type=\"column\">\n\t\t\t<div class=\"elementor-widget-wrap\">\n\t\t\t\t\t\t\t<\/div>\n\t\t<\/div>\n\t\t\t\t\t<\/div>\n\t\t<\/section>\n\t\t\t\t<\/div>\n\t\t                    <\/div>                <\/div>\n            <\/div>\t\t\t\t<\/div>\n\t\t\t\t<\/div>\n\t\t\t\t\t<\/div>\n\t\t<\/div>\n\t\t\t\t\t<\/div>\n\t\t<\/section>\n\t\t\t\t<section class=\"elementor-section elementor-top-section elementor-element elementor-element-4dba9a5 elementor-section-full_width elementor-section-content-bottom elementor-mobile-align-center elementor-section-height-default elementor-section-height-default\" data-id=\"4dba9a5\" data-element_type=\"section\" data-e-type=\"section\" data-settings=\"{&quot;background_background&quot;:&quot;classic&quot;}\">\n\t\t\t\t\t\t<div class=\"elementor-container elementor-column-gap-default\">\n\t\t\t\t\t<div class=\"elementor-column elementor-col-100 elementor-top-column elementor-element elementor-element-325e133 elementor-hidden-desktop elementor-hidden-tablet\" data-id=\"325e133\" data-element_type=\"column\" data-e-type=\"column\">\n\t\t\t<div class=\"elementor-widget-wrap elementor-element-populated\">\n\t\t\t\t\t\t<div class=\"elementor-element elementor-element-6dbaf22 elementor-widget__width-initial elementor-align-center sg-popup-id-95729 elementor-widget elementor-widget-pt_button\" data-id=\"6dbaf22\" data-element_type=\"widget\" data-e-type=\"widget\" data-widget_type=\"pt_button.default\">\n\t\t\t\t<div class=\"elementor-widget-container\">\n\t\t\t\t\t\n\t\t\t\t\t\t<div class=\"pt-button-popup pt-popup pt-popup-box pt-button-popup-6dbaf22 close-manually\" data-popup-hash=\"80bdd4b67d9a850685cbaa1019ef6e02\">\n\t\t\t\t\t\t\t\t\t\t\t\t\t\t<span class=\"close-button\">Close<\/span>\n\t\t\t\t\t\t\t<div class=\"container\">\t\t\t<link rel=\"stylesheet\" id=\"elementor-post-6715-css\" href=\"https:\/\/batak.hr\/wp-content\/uploads\/elementor\/css\/post-6715.css?ver=1776685576\" type=\"text\/css\" media=\"all\">\t\t<div data-elementor-type=\"wp-post\" data-elementor-id=\"6715\" class=\"elementor elementor-6715\">\n\t\t\t\t\t\t<section class=\"elementor-section elementor-top-section elementor-element elementor-element-da00fd9 elementor-section-content-middle elementor-align-center elementor-section-boxed elementor-section-height-default elementor-section-height-default\" data-id=\"da00fd9\" data-element_type=\"section\" data-e-type=\"section\" data-settings=\"{&quot;background_background&quot;:&quot;classic&quot;}\">\n\t\t\t\t\t\t\t<div class=\"elementor-background-overlay\"><\/div>\n\t\t\t\t\t\t\t<div class=\"elementor-container elementor-column-gap-no\">\n\t\t\t\t\t<div class=\"elementor-column elementor-col-100 elementor-top-column elementor-element elementor-element-6ff8e362 dark-color\" data-id=\"6ff8e362\" data-element_type=\"column\" data-e-type=\"column\" data-settings=\"{&quot;background_background&quot;:&quot;classic&quot;}\">\n\t\t\t<div class=\"elementor-widget-wrap elementor-element-populated\">\n\t\t\t\t\t\t<div class=\"elementor-element elementor-element-8134722 elementor-align-center elementor-widget elementor-widget-pt_logo\" data-id=\"8134722\" data-element_type=\"widget\" data-e-type=\"widget\" data-widget_type=\"pt_logo.default\">\n\t\t\t\t<div class=\"elementor-widget-container\">\n\t\t\t\t\t                <a href=\"https:\/\/batak.hr\/en\/\">                    <img decoding=\"async\" width=\"200\" height=\"91\" class=\"attachment-thumbnail size-thumbnail wp-image-92222\" alt=\"Batak logo\" src=\"https:\/\/batak.hr\/wp-content\/uploads\/2023\/10\/logo-batak-2.svg\" title=\"\">                <\/a>\t\t\t\t<\/div>\n\t\t\t\t<\/div>\n\t\t\t\t<div class=\"elementor-element elementor-element-4272dd8 elementor-widget__width-initial elementor-widget-mobile__width-inherit elementor-widget elementor-widget-html\" data-id=\"4272dd8\" data-element_type=\"widget\" data-e-type=\"widget\" data-widget_type=\"html.default\">\n\t\t\t\t<div class=\"elementor-widget-container\">\n\t\t\t\t\t<div style=\"display: flex; justify-content: center; align-items: center; width: 224px;\"> <iframe data-test=\"reservation-widget-iframe\" src=\"https:\/\/www.opentable.co.uk\/widget\/reservation\/mural?rid=365613,367992,353952,396012,371982,367989,424170,373755,366945,374967,386133,365619,365610,373179,374964,374928,374961,442875,373176,371292,403413,365625,468627,373905,485232,373902,365622&amp;type=multi&amp;color=1&amp;dark=false&amp;iframe=true&amp;domain=couk&amp;lang=en-GB&amp;newtab=false&amp;ot_source=Restaurant website&amp;cfe=true&amp;uuid=acb043f1-4034-491b-89a8-9f068a81067b13&amp;theme=standard\" width=\"224\" height=\"358\" frameborder=\"0\" scrolling=\"no\" style=\"display:block; margin:0 auto;\" name=\"opentable-make-reservation-widget\" title=\"OpenTable make booking widget\"> <\/iframe> <\/div>\t\t\t\t<\/div>\n\t\t\t\t<\/div>\n\t\t\t\t\t<\/div>\n\t\t<\/div>\n\t\t\t\t\t<\/div>\n\t\t<\/section>\n\t\t\t\t<\/div>\n\t\t<\/div>\n\t\t\t\t\t\t<\/div>        <a class=\"button pt-btn-large popup-box-enabled\" role=\"button\" data-popup-hash=\"80bdd4b67d9a850685cbaa1019ef6e02\">\n            <span class=\"pt-btn-text\">ONLINE REZERVACIJE<\/span>\n        <\/a>\t\t\t\t<\/div>\n\t\t\t\t<\/div>\n\t\t\t\t\t<\/div>\n\t\t<\/div>\n\t\t\t\t\t<\/div>\n\t\t<\/section>\n\t\t\t\t<section class=\"elementor-section elementor-top-section elementor-element elementor-element-621855c3 pt-section-content-fullwidth elementor-section-full_width elementor-section-height-default elementor-section-height-default\" data-id=\"621855c3\" data-element_type=\"section\" data-e-type=\"section\" data-settings=\"{&quot;background_background&quot;:&quot;classic&quot;}\">\n\t\t\t\t\t\t\t<div class=\"elementor-background-overlay\"><\/div>\n\t\t\t\t\t\t\t<div class=\"elementor-container elementor-column-gap-no\">\n\t\t\t\t\t<div class=\"elementor-column elementor-col-100 elementor-top-column elementor-element elementor-element-57a83a93 dark-color\" data-id=\"57a83a93\" data-element_type=\"column\" data-e-type=\"column\">\n\t\t\t<div class=\"elementor-widget-wrap elementor-element-populated\">\n\t\t\t\t\t\t<div class=\"elementor-element elementor-element-77ff5486 elementor-widget elementor-widget-pt_title\" data-id=\"77ff5486\" data-element_type=\"widget\" data-e-type=\"widget\" data-widget_type=\"pt_title.default\">\n\t\t\t\t<div class=\"elementor-widget-container\">\n\t\t\t\t\t\n        <div class=\"pt-title-wrap text-center text-center-mobile text-center-tablet\">\t            <div class=\"pt-subtitle-wrap\"><span class=\"pt-subtitle style-bordered\"><a href=\"\/en\/batak\/novosti\/\">Batak's News<\/a><\/span><\/div>        <\/div>\t\t\t\t<\/div>\n\t\t\t\t<\/div>\n\t\t\t\t<div class=\"elementor-element elementor-element-36b4fd6 elementor-widget elementor-widget-pt_blog\" data-id=\"36b4fd6\" data-element_type=\"widget\" data-e-type=\"widget\" data-widget_type=\"pt_blog.default\">\n\t\t\t\t<div class=\"elementor-widget-container\">\n\t\t\t\t\t\t\t\t\t<div class=\"posts layout-grid column-3 img-ratio-3-2\" data-settings='{\"query\":{\"paged\":1,\"posts_per_page\":3,\"ignore_sticky_posts\":true},\"settings\":{\"layout\":\"grid\",\"columns\":\"3\",\"post_meta\":\"a:2:{i:0;s:7:\\\"excerpt\\\";i:1;s:8:\\\"category\\\";}\",\"page_layout\":\"\",\"pagination\":\"\",\"archive_page\":\"elementor\"}}'>\n\t\t\t\t\t\t\t\t\t<div class=\"posts-wrapper\">\n<article class=\"post-97038 post type-post status-publish format-standard has-post-thumbnail hentry category-novosti tag-batak tag-batak-aplikacija tag-batak-restoran tag-batak-vinkovci tag-rezerviraj-online\">    <div class=\"featured-img\">            <a href=\"https:\/\/batak.hr\/en\/batak-je-stigao-u-vinkovce\/\"><img fetchpriority=\"high\" decoding=\"async\" width=\"780\" height=\"520\" src=\"https:\/\/batak.hr\/wp-content\/uploads\/2026\/04\/WhatsApp-Image-2026-04-17-at-13.28.453-780x520.jpeg\" class=\"attachment-patiotime_780x9999 size-patiotime_780x9999 wp-post-image image-layout-grid-column-3\" alt=\"Batak\" srcset=\"https:\/\/batak.hr\/wp-content\/uploads\/2026\/04\/WhatsApp-Image-2026-04-17-at-13.28.453-780x520.jpeg 780w, https:\/\/batak.hr\/wp-content\/uploads\/2026\/04\/WhatsApp-Image-2026-04-17-at-13.28.453-300x200.jpeg 300w, https:\/\/batak.hr\/wp-content\/uploads\/2026\/04\/WhatsApp-Image-2026-04-17-at-13.28.453-1024x683.jpeg 1024w, https:\/\/batak.hr\/wp-content\/uploads\/2026\/04\/WhatsApp-Image-2026-04-17-at-13.28.453-768x512.jpeg 768w, https:\/\/batak.hr\/wp-content\/uploads\/2026\/04\/WhatsApp-Image-2026-04-17-at-13.28.453-18x12.jpeg 18w, https:\/\/batak.hr\/wp-content\/uploads\/2026\/04\/WhatsApp-Image-2026-04-17-at-13.28.453-600x400.jpeg 600w, https:\/\/batak.hr\/wp-content\/uploads\/2026\/04\/WhatsApp-Image-2026-04-17-at-13.28.453-550x367.jpeg 550w, https:\/\/batak.hr\/wp-content\/uploads\/2026\/04\/WhatsApp-Image-2026-04-17-at-13.28.453-370x247.jpeg 370w, https:\/\/batak.hr\/wp-content\/uploads\/2026\/04\/WhatsApp-Image-2026-04-17-at-13.28.453-255x170.jpeg 255w, https:\/\/batak.hr\/wp-content\/uploads\/2026\/04\/WhatsApp-Image-2026-04-17-at-13.28.453.jpeg 1200w\" sizes=\"(max-width: 780px) 100vw, 780px\" title=\"\"><\/a>    <\/div>\n    <div class=\"post-content\">\n        <header class=\"post-header\">            <div class=\"meta-wrap\">\t\t\t<div class=\"cat-links\"><a href=\"https:\/\/batak.hr\/en\/category\/novosti\/\" rel=\"tag\">Batak's News<\/a><\/div>            <\/div>    <h2 class=\"post-title\">\n        <a href=\"https:\/\/batak.hr\/en\/batak-je-stigao-u-vinkovce\/\">Batak je stigao u Vinkovce!<\/a>\n    <\/h2>        <\/header>\t\t<div class=\"post-excerpt\"><p>Na adresi Ul. Hansa Dietricha Genschera 2 o\u010dekuje vas raznolika i pa\u017eljivo osmi\u0161ljena ponuda jela koja spaja provjerene Batak klasike i moderna gastro iznena\u0111enja.<\/p>\n<\/div>    <\/div>\n<\/article>\n\n<article class=\"post-96516 post type-post status-publish format-standard has-post-thumbnail hentry category-novosti tag-batak tag-batak-aplikacija tag-batak-restoran tag-batak-umag tag-rezerviraj-online\">    <div class=\"featured-img\">            <a href=\"https:\/\/batak.hr\/en\/batak-je-stigao-u-umag\/\"><img decoding=\"async\" width=\"780\" height=\"520\" src=\"https:\/\/batak.hr\/wp-content\/uploads\/2026\/02\/Batak-Umag-003-780x520.webp\" class=\"attachment-patiotime_780x9999 size-patiotime_780x9999 wp-post-image image-layout-grid-column-3\" alt=\"Batak Umag\" srcset=\"https:\/\/batak.hr\/wp-content\/uploads\/2026\/02\/Batak-Umag-003-780x520.webp 780w, https:\/\/batak.hr\/wp-content\/uploads\/2026\/02\/Batak-Umag-003-300x200.webp 300w, https:\/\/batak.hr\/wp-content\/uploads\/2026\/02\/Batak-Umag-003-1024x683.webp 1024w, https:\/\/batak.hr\/wp-content\/uploads\/2026\/02\/Batak-Umag-003-768x512.webp 768w, https:\/\/batak.hr\/wp-content\/uploads\/2026\/02\/Batak-Umag-003-18x12.webp 18w, https:\/\/batak.hr\/wp-content\/uploads\/2026\/02\/Batak-Umag-003-600x400.webp 600w, https:\/\/batak.hr\/wp-content\/uploads\/2026\/02\/Batak-Umag-003-550x367.webp 550w, https:\/\/batak.hr\/wp-content\/uploads\/2026\/02\/Batak-Umag-003-370x247.webp 370w, https:\/\/batak.hr\/wp-content\/uploads\/2026\/02\/Batak-Umag-003-255x170.webp 255w, https:\/\/batak.hr\/wp-content\/uploads\/2026\/02\/Batak-Umag-003.webp 1200w\" sizes=\"(max-width: 780px) 100vw, 780px\" title=\"\"><\/a>    <\/div>\n    <div class=\"post-content\">\n        <header class=\"post-header\">            <div class=\"meta-wrap\">\t\t\t<div class=\"cat-links\"><a href=\"https:\/\/batak.hr\/en\/category\/novosti\/\" rel=\"tag\">Batak's News<\/a><\/div>            <\/div>    <h2 class=\"post-title\">\n        <a href=\"https:\/\/batak.hr\/en\/batak-je-stigao-u-umag\/\">Batak je stigao u Umag!<\/a>\n    <\/h2>        <\/header>\t\t<div class=\"post-excerpt\"><p>Nalazimo se na adresi Ulica Miroslava Krle\u017ee 1, a otvoreni smo svakog dana od 11 do 23 sata, a nedjeljom se dru\u017eimo do 22 sata. <\/p>\n<\/div>    <\/div>\n<\/article>\n\n<article class=\"post-95938 post type-post status-publish format-standard has-post-thumbnail hentry category-noviteti tag-batak tag-batak-aplikacija tag-batak-restoran tag-brunch tag-rezerviraj-online tag-zagreb\">    <div class=\"featured-img\">            <a href=\"https:\/\/batak.hr\/en\/batak-brunch-vas-novi-vikend-ritual\/\"><img loading=\"lazy\" decoding=\"async\" width=\"780\" height=\"520\" src=\"https:\/\/batak.hr\/wp-content\/uploads\/2025\/11\/BatakBrunch-416-780x520.jpg\" class=\"attachment-patiotime_780x9999 size-patiotime_780x9999 wp-post-image image-layout-grid-column-3\" alt=\"Batak\" srcset=\"https:\/\/batak.hr\/wp-content\/uploads\/2025\/11\/BatakBrunch-416-780x520.jpg 780w, https:\/\/batak.hr\/wp-content\/uploads\/2025\/11\/BatakBrunch-416-300x200.jpg 300w, https:\/\/batak.hr\/wp-content\/uploads\/2025\/11\/BatakBrunch-416-1024x683.jpg 1024w, https:\/\/batak.hr\/wp-content\/uploads\/2025\/11\/BatakBrunch-416-768x512.jpg 768w, https:\/\/batak.hr\/wp-content\/uploads\/2025\/11\/BatakBrunch-416-1536x1024.jpg 1536w, https:\/\/batak.hr\/wp-content\/uploads\/2025\/11\/BatakBrunch-416-2048x1366.jpg 2048w, https:\/\/batak.hr\/wp-content\/uploads\/2025\/11\/BatakBrunch-416-18x12.jpg 18w, https:\/\/batak.hr\/wp-content\/uploads\/2025\/11\/BatakBrunch-416-1920x1280.jpg 1920w, https:\/\/batak.hr\/wp-content\/uploads\/2025\/11\/BatakBrunch-416-1440x960.jpg 1440w, https:\/\/batak.hr\/wp-content\/uploads\/2025\/11\/BatakBrunch-416-1200x800.jpg 1200w, https:\/\/batak.hr\/wp-content\/uploads\/2025\/11\/BatakBrunch-416-600x400.jpg 600w, https:\/\/batak.hr\/wp-content\/uploads\/2025\/11\/BatakBrunch-416-550x367.jpg 550w, https:\/\/batak.hr\/wp-content\/uploads\/2025\/11\/BatakBrunch-416-370x247.jpg 370w, https:\/\/batak.hr\/wp-content\/uploads\/2025\/11\/BatakBrunch-416-255x170.jpg 255w\" sizes=\"(max-width: 780px) 100vw, 780px\" title=\"\"><\/a>    <\/div>\n    <div class=\"post-content\">\n        <header class=\"post-header\">            <div class=\"meta-wrap\">\t\t\t<div class=\"cat-links\"><a href=\"https:\/\/batak.hr\/en\/category\/noviteti\/\" rel=\"tag\">Noviteti<\/a><\/div>            <\/div>    <h2 class=\"post-title\">\n        <a href=\"https:\/\/batak.hr\/en\/batak-brunch-vas-novi-vikend-ritual\/\">Batak brunch &#8211; va\u0161 novi vikend ritual<\/a>\n    <\/h2>        <\/header>\t\t<div class=\"post-excerpt\"><p>Vikendi su stvoreni za dobar zalogaj, dru\u017eenje i malo gu\u0161ta bez \u017eurbe. Od 15. studenog na popis zabavnih vikend aktivnosti dodajemo i jedan novi razlog za rano ustajanje \u2013 Batak brunch!<\/p>\n<\/div>    <\/div>\n<\/article>\n\t\t\t\t<\/div>\t\t\t\t<\/div>\t\t\t\t<\/div>\n\t\t\t\t<\/div>\n\t\t\t\t\t<\/div>\n\t\t<\/div>\n\t\t\t\t\t<\/div>\n\t\t<\/section>\n\t\t\t\t<\/div>","protected":false},"excerpt":{"rendered":"<p>ONLINE REZERVACIJE NOVOSTI batak batak home Noviteti Novosti Promocije Batak je stigao u Sisak! Imamo sjajnu vijest za sve ljubitelje dobre hrane \u2013 Batak je od danas bogatiji za jo\u0161 jednu lokaciju! batak batak home Noviteti Novosti Promocije Novi Batak u Zagrebu \u2013 sada i na Jarunu! Zagreb je ve\u0107 dobro upoznat s Batakovom recepturom &#8230;<\/p>","protected":false},"author":1,"featured_media":0,"parent":0,"menu_order":0,"comment_status":"closed","ping_status":"closed","template":"template-wide-content.php","meta":{"om_disable_all_campaigns":false,"_monsterinsights_skip_tracking":false,"_monsterinsights_sitenote_active":false,"_monsterinsights_sitenote_note":"","_monsterinsights_sitenote_category":0,"patiotime_single_page_hide_site_header":"","patiotime_single_page_site_header_source":"","patiotime_single_page_custom_site_header":"0","patiotime_single_page_custom_sticky_site_header":"0","patiotime_single_page_custom_page_title_margin_top_source":"","patiotime_single_page_custom_page_title_desktop_margin_top":"","patiotime_single_page_custom_page_title_tablet_margin_top":"","patiotime_single_page_custom_page_title_mobile_margin_top":"","patiotime_single_page_hide_page_title":"on","patiotime_single_page_header_section_size":"","patiotime_single_page_header_background_color":"","patiotime_single_page_header_background_position_x":"center","patiotime_single_page_header_background_position_y":"center","patiotime_single_page_header_background_size":"cover","patiotime_single_page_header_background_repeat":"off","patiotime_single_page_header_background_scroll":"on","patiotime_single_page_header_text_color":"","patiotime_single_page_header_show_breadcrumb":"","patiotime_single_page_site_footer_hide_main":"","patiotime_single_custom_site_footer_main_source":"","patiotime_single_custom_site_footer_main":"0","patiotime_single_page_site_footer_hide_above":"","patiotime_single_custom_site_footer_above_source":"","patiotime_single_custom_site_footer_above":"0","patiotime_single_page_site_footer_hide_instagram":"","patiotime_single_page_site_footer_hide_bottom":"","patiotime_single_custom_mobile_menu_source":"","patiotime_single_custom_mobile_menu":"0","patiotime_single_custom_mobile_menu_animation":"","patiotime_single_custom_mobile_menu_width":"","patiotime_single_custom_mobile_menu_custom_width":375,"footnotes":""},"class_list":["post-4888","page","type-page","status-publish","hentry"],"_links":{"self":[{"href":"https:\/\/batak.hr\/en\/wp-json\/wp\/v2\/pages\/4888","targetHints":{"allow":["GET"]}}],"collection":[{"href":"https:\/\/batak.hr\/en\/wp-json\/wp\/v2\/pages"}],"about":[{"href":"https:\/\/batak.hr\/en\/wp-json\/wp\/v2\/types\/page"}],"author":[{"embeddable":true,"href":"https:\/\/batak.hr\/en\/wp-json\/wp\/v2\/users\/1"}],"replies":[{"embeddable":true,"href":"https:\/\/batak.hr\/en\/wp-json\/wp\/v2\/comments?post=4888"}],"version-history":[{"count":12,"href":"https:\/\/batak.hr\/en\/wp-json\/wp\/v2\/pages\/4888\/revisions"}],"predecessor-version":[{"id":95757,"href":"https:\/\/batak.hr\/en\/wp-json\/wp\/v2\/pages\/4888\/revisions\/95757"}],"wp:attachment":[{"href":"https:\/\/batak.hr\/en\/wp-json\/wp\/v2\/media?parent=4888"}],"curies":[{"name":"wp","href":"https:\/\/api.w.org\/{rel}","templated":true}]}}