{"id":90760,"date":"2023-05-27T21:05:06","date_gmt":"2023-05-27T19:05:06","guid":{"rendered":"https:\/\/gradiliste.com\/batak\/?page_id=90760"},"modified":"2026-03-24T14:33:19","modified_gmt":"2026-03-24T12:33:19","slug":"batak-novi-dvori","status":"publish","type":"page","link":"https:\/\/batak.hr\/eng\/batak-novi-dvori\/","title":{"rendered":"Batak Novi dvori"},"content":{"rendered":"\t\t<div data-elementor-type=\"wp-page\" data-elementor-id=\"90760\" class=\"elementor elementor-90760\">\n\t\t\t\t\t\t<section class=\"elementor-section elementor-top-section elementor-element elementor-element-20954319 elementor-section-boxed elementor-section-height-default elementor-section-height-default\" data-id=\"20954319\" data-element_type=\"section\" data-e-type=\"section\">\n\t\t\t\t\t\t<div class=\"elementor-container elementor-column-gap-default\">\n\t\t\t\t\t<div class=\"elementor-column elementor-col-100 elementor-top-column elementor-element elementor-element-3eb05317\" data-id=\"3eb05317\" data-element_type=\"column\" data-e-type=\"column\">\n\t\t\t<div class=\"elementor-widget-wrap elementor-element-populated\">\n\t\t\t\t\t\t<div class=\"elementor-element elementor-element-6d445ae2 elementor-hidden-mobile elementor-widget elementor-widget-spacer\" data-id=\"6d445ae2\" data-element_type=\"widget\" data-e-type=\"widget\" data-widget_type=\"spacer.default\">\n\t\t\t\t<div class=\"elementor-widget-container\">\n\t\t\t\t\t\t\t<div class=\"elementor-spacer\">\n\t\t\t<div class=\"elementor-spacer-inner\"><\/div>\n\t\t<\/div>\n\t\t\t\t\t\t<\/div>\n\t\t\t\t<\/div>\n\t\t\t\t\t<\/div>\n\t\t<\/div>\n\t\t\t\t\t<\/div>\n\t\t<\/section>\n\t\t\t\t<section class=\"elementor-section elementor-top-section elementor-element elementor-element-2f381477 elementor-section-full_width elementor-section-height-default elementor-section-height-default\" data-id=\"2f381477\" data-element_type=\"section\" data-e-type=\"section\">\n\t\t\t\t\t\t<div class=\"elementor-container elementor-column-gap-no\">\n\t\t\t\t\t<div class=\"elementor-column elementor-col-50 elementor-top-column elementor-element elementor-element-651ee526\" data-id=\"651ee526\" data-element_type=\"column\" data-e-type=\"column\">\n\t\t\t<div class=\"elementor-widget-wrap elementor-element-populated\">\n\t\t\t\t\t\t<div class=\"elementor-element elementor-element-1d355545 elementor-widget elementor-widget-image\" data-id=\"1d355545\" data-element_type=\"widget\" data-e-type=\"widget\" data-widget_type=\"image.default\">\n\t\t\t\t<div class=\"elementor-widget-container\">\n\t\t\t\t\t\t\t\t\t\t\t\t\t\t\t<img fetchpriority=\"high\" decoding=\"async\" width=\"1000\" height=\"668\" src=\"https:\/\/batak.hr\/eng\/wp-content\/uploads\/2026\/03\/Brunch_Novi-Dvori.webp\" class=\"attachment-large size-large wp-image-94998\" alt=\"Batak\" srcset=\"https:\/\/batak.hr\/eng\/wp-content\/uploads\/2026\/03\/Brunch_Novi-Dvori.webp 1000w, https:\/\/batak.hr\/eng\/wp-content\/uploads\/2026\/03\/Brunch_Novi-Dvori-300x200.webp 300w, https:\/\/batak.hr\/eng\/wp-content\/uploads\/2026\/03\/Brunch_Novi-Dvori-768x513.webp 768w, https:\/\/batak.hr\/eng\/wp-content\/uploads\/2026\/03\/Brunch_Novi-Dvori-780x521.webp 780w, https:\/\/batak.hr\/eng\/wp-content\/uploads\/2026\/03\/Brunch_Novi-Dvori-600x401.webp 600w, https:\/\/batak.hr\/eng\/wp-content\/uploads\/2026\/03\/Brunch_Novi-Dvori-550x367.webp 550w, https:\/\/batak.hr\/eng\/wp-content\/uploads\/2026\/03\/Brunch_Novi-Dvori-370x247.webp 370w, https:\/\/batak.hr\/eng\/wp-content\/uploads\/2026\/03\/Brunch_Novi-Dvori-255x170.webp 255w\" sizes=\"(max-width: 1000px) 100vw, 1000px\" title=\"\">\t\t\t\t\t\t\t\t\t\t\t\t\t\t\t<\/div>\n\t\t\t\t<\/div>\n\t\t\t\t\t<\/div>\n\t\t<\/div>\n\t\t\t\t<div class=\"elementor-column elementor-col-50 elementor-top-column elementor-element elementor-element-1f6d2a6b\" data-id=\"1f6d2a6b\" data-element_type=\"column\" data-e-type=\"column\">\n\t\t\t<div class=\"elementor-widget-wrap elementor-element-populated\">\n\t\t\t\t\t\t<div class=\"elementor-element elementor-element-42ff296d elementor-widget elementor-widget-heading\" data-id=\"42ff296d\" data-element_type=\"widget\" data-e-type=\"widget\" data-widget_type=\"heading.default\">\n\t\t\t\t<div class=\"elementor-widget-container\">\n\t\t\t\t\t<h1 class=\"elementor-heading-title elementor-size-default\">Novi dvori<\/h1>\t\t\t\t<\/div>\n\t\t\t\t<\/div>\n\t\t\t\t<div class=\"elementor-element elementor-element-77eac2ff elementor-widget elementor-widget-text-editor\" data-id=\"77eac2ff\" data-element_type=\"widget\" data-e-type=\"widget\" data-widget_type=\"text-editor.default\">\n\t\t\t\t<div class=\"elementor-widget-container\">\n\t\t\t\t\t\t\t\t\t<p><span style=\"color: #c49a6c;\">Address \/<\/span> <a href=\"https:\/\/www.google.com\/maps\/place\/Batak+grill+-+Novi+dvori+Zapre%C5%A1i%C4%87\/@45.8738383,15.8053022,15z\/data=!4m2!3m1!1s0x0:0x96a11020899c3b58?sa=X&amp;ved=2ahUKEwjwm7fpnJb_AhX8gv0HHSprBswQ_BJ6BAhqEAg\" target=\"_blank\" rel=\"noopener\">Bana Josipa Jela\u010di\u0107a 164, Zapre\u0161i\u0107<\/a><br \/><span style=\"color: #c49a6c;\">Contact \/ <\/span>01 485 5999<br \/><span style=\"color: #c49a6c;\">Monday &#8211; Friday: <\/span>11:00 &#8211; 23:00 h<br \/><span style=\"color: #c49a6c;\">Saturday:<\/span> 09:00 &#8211; 23:00 h<br \/><span style=\"color: #c49a6c;\">Sunday:<\/span> 09:00 &#8211; 22:00 h<\/p>\t\t\t\t\t\t\t\t<\/div>\n\t\t\t\t<\/div>\n\t\t\t\t<div class=\"elementor-element elementor-element-5d3c9dd0 elementor-align-left elementor-tablet-align-center elementor-mobile-align-left elementor-widget elementor-widget-pt_button\" data-id=\"5d3c9dd0\" data-element_type=\"widget\" data-e-type=\"widget\" data-widget_type=\"pt_button.default\">\n\t\t\t\t<div class=\"elementor-widget-container\">\n\t\t\t\t\t        <a href=\"https:\/\/batak.hr\/jelovnik-brunch\/\" class=\"elementor-button-link button\" role=\"button\">\n            <span class=\"pt-btn-text\">Brunch menu<\/span>\n        <\/a>\t\t\t\t<\/div>\n\t\t\t\t<\/div>\n\t\t\t\t<div class=\"elementor-element elementor-element-a1ed2a7 elementor-align-left elementor-tablet-align-center elementor-mobile-align-left elementor-widget elementor-widget-pt_button\" data-id=\"a1ed2a7\" data-element_type=\"widget\" data-e-type=\"widget\" data-widget_type=\"pt_button.default\">\n\t\t\t\t<div class=\"elementor-widget-container\">\n\t\t\t\t\t        <a href=\"https:\/\/www.opentable.co.uk\/restaurant\/profile\/374967\/reserve?restref=374967&#038;lang=en-GB&#038;ot_source=Restaurant%20website\" class=\"elementor-button-link button\" role=\"button\">\n            <span class=\"pt-btn-text\">BOOK A TABLE<\/span>\n        <\/a>\t\t\t\t<\/div>\n\t\t\t\t<\/div>\n\t\t\t\t\t<\/div>\n\t\t<\/div>\n\t\t\t\t\t<\/div>\n\t\t<\/section>\n\t\t\t\t<section class=\"elementor-section elementor-top-section elementor-element elementor-element-572165b5 elementor-section-full_width elementor-section-height-default elementor-section-height-default\" data-id=\"572165b5\" data-element_type=\"section\" data-e-type=\"section\">\n\t\t\t\t\t\t<div class=\"elementor-container elementor-column-gap-no\">\n\t\t\t\t\t<div class=\"elementor-column elementor-col-50 elementor-top-column elementor-element elementor-element-1964249d\" data-id=\"1964249d\" data-element_type=\"column\" data-e-type=\"column\">\n\t\t\t<div class=\"elementor-widget-wrap elementor-element-populated\">\n\t\t\t\t\t\t<div class=\"elementor-element elementor-element-be44dd2 elementor-widget elementor-widget-text-editor\" data-id=\"be44dd2\" data-element_type=\"widget\" data-e-type=\"widget\" data-widget_type=\"text-editor.default\">\n\t\t\t\t<div class=\"elementor-widget-container\">\n\t\t\t\t\t\t\t\t\t<p>Batak restaurant Novi dvori is a popular destination for all gourmets and lovers of good atmosphere, pleasant interiors and gastronomic specialties!<\/p>\t\t\t\t\t\t\t\t<\/div>\n\t\t\t\t<\/div>\n\t\t\t\t<div class=\"elementor-element elementor-element-1bb588f elementor-widget elementor-widget-text-editor\" data-id=\"1bb588f\" data-element_type=\"widget\" data-e-type=\"widget\" data-widget_type=\"text-editor.default\">\n\t\t\t\t<div class=\"elementor-widget-container\">\n\t\t\t\t\t\t\t\t\t<p><span style=\"color: #c49a6c;\">Terrace \/<\/span> Yes<br \/><span style=\"color: #c49a6c;\">Maximum number of guests \/ <\/span>182<br \/><span style=\"color: #c49a6c;\">Parking \/ <\/span>Yes<br \/><span style=\"color: #c49a6c;\">Separate space for celebrations \/ <\/span>Yes<\/p>\t\t\t\t\t\t\t\t<\/div>\n\t\t\t\t<\/div>\n\t\t\t\t\t<\/div>\n\t\t<\/div>\n\t\t\t\t<div class=\"elementor-column elementor-col-50 elementor-top-column elementor-element elementor-element-acd004e\" data-id=\"acd004e\" data-element_type=\"column\" data-e-type=\"column\">\n\t\t\t<div class=\"elementor-widget-wrap elementor-element-populated\">\n\t\t\t\t\t\t<div class=\"elementor-element elementor-element-568e84ca elementor-widget elementor-widget-image\" data-id=\"568e84ca\" data-element_type=\"widget\" data-e-type=\"widget\" data-widget_type=\"image.default\">\n\t\t\t\t<div class=\"elementor-widget-container\">\n\t\t\t\t\t\t\t\t\t\t\t\t\t\t\t<img decoding=\"async\" width=\"1000\" height=\"667\" src=\"https:\/\/batak.hr\/eng\/wp-content\/uploads\/2023\/05\/Batak-Novi-dvori-1.png\" class=\"attachment-large size-large wp-image-90766\" alt=\"Batak\" srcset=\"https:\/\/batak.hr\/eng\/wp-content\/uploads\/2023\/05\/Batak-Novi-dvori-1.png.webp 1000w, https:\/\/batak.hr\/eng\/wp-content\/uploads\/2023\/05\/Batak-Novi-dvori-1-300x200.png.webp 300w, https:\/\/batak.hr\/eng\/wp-content\/uploads\/2023\/05\/Batak-Novi-dvori-1-768x512.png.webp 768w, https:\/\/batak.hr\/eng\/wp-content\/uploads\/2023\/05\/Batak-Novi-dvori-1-780x520.png.webp 780w, https:\/\/batak.hr\/eng\/wp-content\/uploads\/2023\/05\/Batak-Novi-dvori-1-600x400.png.webp 600w, https:\/\/batak.hr\/eng\/wp-content\/uploads\/2023\/05\/Batak-Novi-dvori-1-550x367.png.webp 550w, https:\/\/batak.hr\/eng\/wp-content\/uploads\/2023\/05\/Batak-Novi-dvori-1-370x247.png.webp 370w, https:\/\/batak.hr\/eng\/wp-content\/uploads\/2023\/05\/Batak-Novi-dvori-1-255x170.png.webp 255w\" sizes=\"(max-width: 1000px) 100vw, 1000px\" title=\"\">\t\t\t\t\t\t\t\t\t\t\t\t\t\t\t<\/div>\n\t\t\t\t<\/div>\n\t\t\t\t\t<\/div>\n\t\t<\/div>\n\t\t\t\t\t<\/div>\n\t\t<\/section>\n\t\t\t\t<section class=\"elementor-section elementor-top-section elementor-element elementor-element-3c65bc25 elementor-section-full_width elementor-section-height-default elementor-section-height-default\" data-id=\"3c65bc25\" data-element_type=\"section\" data-e-type=\"section\">\n\t\t\t\t\t\t<div class=\"elementor-container elementor-column-gap-extended\">\n\t\t\t\t\t<div class=\"elementor-column elementor-col-50 elementor-top-column elementor-element elementor-element-a2a7cf3\" data-id=\"a2a7cf3\" data-element_type=\"column\" data-e-type=\"column\">\n\t\t\t<div class=\"elementor-widget-wrap elementor-element-populated\">\n\t\t\t\t\t\t<div class=\"elementor-element elementor-element-70b4635e elementor-widget elementor-widget-image\" data-id=\"70b4635e\" data-element_type=\"widget\" data-e-type=\"widget\" data-widget_type=\"image.default\">\n\t\t\t\t<div class=\"elementor-widget-container\">\n\t\t\t\t\t\t\t\t\t\t\t\t\t\t\t<img decoding=\"async\" width=\"1000\" height=\"667\" src=\"https:\/\/batak.hr\/eng\/wp-content\/uploads\/2023\/05\/Batak-Novi-dvori-3.png\" class=\"attachment-large size-large wp-image-90768\" alt=\"Batak\" srcset=\"https:\/\/batak.hr\/eng\/wp-content\/uploads\/2023\/05\/Batak-Novi-dvori-3.png.webp 1000w, https:\/\/batak.hr\/eng\/wp-content\/uploads\/2023\/05\/Batak-Novi-dvori-3-300x200.png.webp 300w, https:\/\/batak.hr\/eng\/wp-content\/uploads\/2023\/05\/Batak-Novi-dvori-3-768x512.png.webp 768w, https:\/\/batak.hr\/eng\/wp-content\/uploads\/2023\/05\/Batak-Novi-dvori-3-780x520.png.webp 780w, https:\/\/batak.hr\/eng\/wp-content\/uploads\/2023\/05\/Batak-Novi-dvori-3-600x400.png.webp 600w, https:\/\/batak.hr\/eng\/wp-content\/uploads\/2023\/05\/Batak-Novi-dvori-3-550x367.png.webp 550w, https:\/\/batak.hr\/eng\/wp-content\/uploads\/2023\/05\/Batak-Novi-dvori-3-370x247.png.webp 370w, https:\/\/batak.hr\/eng\/wp-content\/uploads\/2023\/05\/Batak-Novi-dvori-3-255x170.png.webp 255w\" sizes=\"(max-width: 1000px) 100vw, 1000px\" title=\"\">\t\t\t\t\t\t\t\t\t\t\t\t\t\t\t<\/div>\n\t\t\t\t<\/div>\n\t\t\t\t\t<\/div>\n\t\t<\/div>\n\t\t\t\t<div class=\"elementor-column elementor-col-50 elementor-top-column elementor-element elementor-element-2e8ad284\" data-id=\"2e8ad284\" data-element_type=\"column\" data-e-type=\"column\">\n\t\t\t<div class=\"elementor-widget-wrap elementor-element-populated\">\n\t\t\t\t\t\t<div class=\"elementor-element elementor-element-665ed84f elementor-widget__width-initial elementor-widget elementor-widget-image\" data-id=\"665ed84f\" data-element_type=\"widget\" data-e-type=\"widget\" data-widget_type=\"image.default\">\n\t\t\t\t<div class=\"elementor-widget-container\">\n\t\t\t\t\t\t\t\t\t\t\t\t\t\t\t<img loading=\"lazy\" decoding=\"async\" width=\"47\" height=\"39\" src=\"https:\/\/batak.hr\/eng\/wp-content\/uploads\/2023\/05\/batak-quote.png\" class=\"attachment-large size-large wp-image-90048\" alt=\"Batak\" title=\"\">\t\t\t\t\t\t\t\t\t\t\t\t\t\t\t<\/div>\n\t\t\t\t<\/div>\n\t\t\t\t<div class=\"elementor-element elementor-element-226f34c elementor-widget__width-initial elementor-widget elementor-widget-pt_testimonials\" data-id=\"226f34c\" data-element_type=\"widget\" data-e-type=\"widget\" data-widget_type=\"pt_testimonials.default\">\n\t\t\t\t<div class=\"elementor-widget-container\">\n\t\t\t\t\t\n            <div class=\"pt-testimonials testimonial-style-1 text-left testimonials-slider hide-mark\" data-column=\"1\" data-autoplay=\"on\" data-autoplay-speed=\"5000\" data-show-arrows=\"\" data-show-dots=\"\"><div class=\"pt-ts-wrap\"><div class=\"pt-ts-item\">                    <div class=\"pt-testimonial\">                        <div class=\"pt-testimonial-content\">The staff has an enviable level of professionalism. The food is very tasty and portions are really big. Prices are affordable... We rated the entire service a 10!<\/div>                    <\/div><\/div><div class=\"pt-ts-item\">                    <div class=\"pt-testimonial\">                        <div class=\"pt-testimonial-content\">This was one of the most memorable experiences I've ever had. First of all, a lot of credit goes to the staff, they were incredible. Second, the food. It was so tasty and delicious, I just loved it. I strongly recommend that everyone give this place a chance. I'm sure you won't regret it.<\/div>                    <\/div><\/div><div class=\"pt-ts-item\">                    <div class=\"pt-testimonial\">                        <div class=\"pt-testimonial-content\">All the compliments, the friendly staff, the food's great, the portions are pretty big, the prices are affordable.<\/div>                    <\/div><\/div><div class=\"pt-ts-item\">                    <div class=\"pt-testimonial\">                        <div class=\"pt-testimonial-content\">This is a great restaurant. Staff for every compliment. The food is excellent, very good value for money.<\/div>                    <\/div><\/div><div class=\"pt-ts-item\">                    <div class=\"pt-testimonial\">                        <div class=\"pt-testimonial-content\">In a very nice interior with top-notch service staff, you can enjoy the food, solid wine offerings and excellent desserts.<\/div>                    <\/div><\/div><div class=\"pt-ts-item\">                    <div class=\"pt-testimonial\">                        <div class=\"pt-testimonial-content\">Very tasty, no long waits and with a smiling waiter... every recommendation!<\/div>                    <\/div><\/div><div class=\"pt-ts-item\">                    <div class=\"pt-testimonial\">                        <div class=\"pt-testimonial-content\">Excellent lunch, excellent food.<\/div>                    <\/div><\/div><\/div>            <\/div>\t\t\t\t<\/div>\n\t\t\t\t<\/div>\n\t\t\t\t<div class=\"elementor-element elementor-element-41af1bc4 elementor-widget__width-initial elementor-widget elementor-widget-image\" data-id=\"41af1bc4\" data-element_type=\"widget\" data-e-type=\"widget\" data-widget_type=\"image.default\">\n\t\t\t\t<div class=\"elementor-widget-container\">\n\t\t\t\t\t\t\t\t\t\t\t\t\t\t\t<img loading=\"lazy\" decoding=\"async\" width=\"47\" height=\"39\" src=\"https:\/\/batak.hr\/eng\/wp-content\/uploads\/2023\/05\/batak-quote-2.png\" class=\"attachment-large size-large wp-image-90049\" alt=\"Batak\" title=\"\">\t\t\t\t\t\t\t\t\t\t\t\t\t\t\t<\/div>\n\t\t\t\t<\/div>\n\t\t\t\t\t<\/div>\n\t\t<\/div>\n\t\t\t\t\t<\/div>\n\t\t<\/section>\n\t\t\t\t<section class=\"elementor-section elementor-top-section elementor-element elementor-element-280b6adb elementor-section-full_width elementor-section-height-default elementor-section-height-default\" data-id=\"280b6adb\" data-element_type=\"section\" data-e-type=\"section\">\n\t\t\t\t\t\t<div class=\"elementor-container elementor-column-gap-extended\">\n\t\t\t\t\t<div class=\"elementor-column elementor-col-50 elementor-top-column elementor-element elementor-element-5d73c376\" data-id=\"5d73c376\" data-element_type=\"column\" data-e-type=\"column\">\n\t\t\t<div class=\"elementor-widget-wrap elementor-element-populated\">\n\t\t\t\t\t\t<div class=\"elementor-element elementor-element-501a1a44 elementor-widget elementor-widget-image\" data-id=\"501a1a44\" data-element_type=\"widget\" data-e-type=\"widget\" data-widget_type=\"image.default\">\n\t\t\t\t<div class=\"elementor-widget-container\">\n\t\t\t\t\t\t\t\t\t\t\t\t\t\t\t<img loading=\"lazy\" decoding=\"async\" width=\"1000\" height=\"667\" src=\"https:\/\/batak.hr\/eng\/wp-content\/uploads\/2023\/05\/Batak-Novi-dvori-4.png\" class=\"attachment-large size-large wp-image-90769\" alt=\"Batak\" srcset=\"https:\/\/batak.hr\/eng\/wp-content\/uploads\/2023\/05\/Batak-Novi-dvori-4.png.webp 1000w, https:\/\/batak.hr\/eng\/wp-content\/uploads\/2023\/05\/Batak-Novi-dvori-4-300x200.png.webp 300w, https:\/\/batak.hr\/eng\/wp-content\/uploads\/2023\/05\/Batak-Novi-dvori-4-768x512.png.webp 768w, https:\/\/batak.hr\/eng\/wp-content\/uploads\/2023\/05\/Batak-Novi-dvori-4-780x520.png.webp 780w, https:\/\/batak.hr\/eng\/wp-content\/uploads\/2023\/05\/Batak-Novi-dvori-4-600x400.png.webp 600w, https:\/\/batak.hr\/eng\/wp-content\/uploads\/2023\/05\/Batak-Novi-dvori-4-550x367.png.webp 550w, https:\/\/batak.hr\/eng\/wp-content\/uploads\/2023\/05\/Batak-Novi-dvori-4-370x247.png.webp 370w, https:\/\/batak.hr\/eng\/wp-content\/uploads\/2023\/05\/Batak-Novi-dvori-4-255x170.png.webp 255w\" sizes=\"(max-width: 1000px) 100vw, 1000px\" title=\"\">\t\t\t\t\t\t\t\t\t\t\t\t\t\t\t<\/div>\n\t\t\t\t<\/div>\n\t\t\t\t\t<\/div>\n\t\t<\/div>\n\t\t\t\t<div class=\"elementor-column elementor-col-50 elementor-top-column elementor-element elementor-element-428ec40a\" data-id=\"428ec40a\" data-element_type=\"column\" data-e-type=\"column\">\n\t\t\t<div class=\"elementor-widget-wrap elementor-element-populated\">\n\t\t\t\t\t\t<div class=\"elementor-element elementor-element-40e33d17 elementor-widget elementor-widget-image\" data-id=\"40e33d17\" data-element_type=\"widget\" data-e-type=\"widget\" data-widget_type=\"image.default\">\n\t\t\t\t<div class=\"elementor-widget-container\">\n\t\t\t\t\t\t\t\t\t\t\t\t\t\t\t<img loading=\"lazy\" decoding=\"async\" width=\"1000\" height=\"667\" src=\"https:\/\/batak.hr\/eng\/wp-content\/uploads\/2023\/05\/Batak-Novi-dvori-5.png\" class=\"attachment-large size-large wp-image-90770\" alt=\"Batak\" srcset=\"https:\/\/batak.hr\/eng\/wp-content\/uploads\/2023\/05\/Batak-Novi-dvori-5.png.webp 1000w, https:\/\/batak.hr\/eng\/wp-content\/uploads\/2023\/05\/Batak-Novi-dvori-5-300x200.png.webp 300w, https:\/\/batak.hr\/eng\/wp-content\/uploads\/2023\/05\/Batak-Novi-dvori-5-768x512.png.webp 768w, https:\/\/batak.hr\/eng\/wp-content\/uploads\/2023\/05\/Batak-Novi-dvori-5-780x520.png.webp 780w, https:\/\/batak.hr\/eng\/wp-content\/uploads\/2023\/05\/Batak-Novi-dvori-5-600x400.png.webp 600w, https:\/\/batak.hr\/eng\/wp-content\/uploads\/2023\/05\/Batak-Novi-dvori-5-550x367.png.webp 550w, https:\/\/batak.hr\/eng\/wp-content\/uploads\/2023\/05\/Batak-Novi-dvori-5-370x247.png.webp 370w, https:\/\/batak.hr\/eng\/wp-content\/uploads\/2023\/05\/Batak-Novi-dvori-5-255x170.png.webp 255w\" sizes=\"(max-width: 1000px) 100vw, 1000px\" title=\"\">\t\t\t\t\t\t\t\t\t\t\t\t\t\t\t<\/div>\n\t\t\t\t<\/div>\n\t\t\t\t\t<\/div>\n\t\t<\/div>\n\t\t\t\t\t<\/div>\n\t\t<\/section>\n\t\t\t\t<\/div>\n\t\t","protected":false},"excerpt":{"rendered":"<p>Novi dvori Address \/ Bana Josipa Jela\u010di\u0107a 164, Zapre\u0161i\u0107Contact \/ 01 485 5999Monday &#8211; Friday: 11:00 &#8211; 23:00 hSaturday: 09:00 &#8211; 23:00 hSunday: 09:00 &#8211; 22:00 h Brunch menu BOOK A TABLE Batak restaurant Novi dvori is a popular destination for all gourmets and lovers of good atmosphere, pleasant interiors and gastronomic specialties! Terrace \/ &#8230;<\/p>\n","protected":false},"author":1,"featured_media":0,"parent":0,"menu_order":0,"comment_status":"closed","ping_status":"closed","template":"elementor_header_footer","meta":{"_monsterinsights_skip_tracking":false,"_monsterinsights_sitenote_active":false,"_monsterinsights_sitenote_note":"","_monsterinsights_sitenote_category":0,"patiotime_single_page_hide_site_header":"","patiotime_single_page_site_header_source":"","patiotime_single_page_custom_site_header":"0","patiotime_single_page_custom_sticky_site_header":"0","patiotime_single_page_custom_page_title_margin_top_source":"","patiotime_single_page_custom_page_title_desktop_margin_top":"","patiotime_single_page_custom_page_title_tablet_margin_top":"","patiotime_single_page_custom_page_title_mobile_margin_top":"","patiotime_single_page_hide_page_title":"","patiotime_single_page_header_section_size":"","patiotime_single_page_header_background_color":"","patiotime_single_page_header_background_position_x":"center","patiotime_single_page_header_background_position_y":"center","patiotime_single_page_header_background_size":"cover","patiotime_single_page_header_background_repeat":"off","patiotime_single_page_header_background_scroll":"on","patiotime_single_page_header_text_color":"","patiotime_single_page_header_show_breadcrumb":"","patiotime_single_page_site_footer_hide_main":"","patiotime_single_custom_site_footer_main_source":"","patiotime_single_custom_site_footer_main":"0","patiotime_single_page_site_footer_hide_above":"","patiotime_single_custom_site_footer_above_source":"","patiotime_single_custom_site_footer_above":"0","patiotime_single_page_site_footer_hide_instagram":"","patiotime_single_page_site_footer_hide_bottom":"","patiotime_single_custom_mobile_menu_source":"","patiotime_single_custom_mobile_menu":"0","patiotime_single_custom_mobile_menu_animation":"","patiotime_single_custom_mobile_menu_width":"","patiotime_single_custom_mobile_menu_custom_width":375,"footnotes":""},"class_list":["post-90760","page","type-page","status-publish","hentry"],"_links":{"self":[{"href":"https:\/\/batak.hr\/eng\/wp-json\/wp\/v2\/pages\/90760","targetHints":{"allow":["GET"]}}],"collection":[{"href":"https:\/\/batak.hr\/eng\/wp-json\/wp\/v2\/pages"}],"about":[{"href":"https:\/\/batak.hr\/eng\/wp-json\/wp\/v2\/types\/page"}],"author":[{"embeddable":true,"href":"https:\/\/batak.hr\/eng\/wp-json\/wp\/v2\/users\/1"}],"replies":[{"embeddable":true,"href":"https:\/\/batak.hr\/eng\/wp-json\/wp\/v2\/comments?post=90760"}],"version-history":[{"count":22,"href":"https:\/\/batak.hr\/eng\/wp-json\/wp\/v2\/pages\/90760\/revisions"}],"predecessor-version":[{"id":95119,"href":"https:\/\/batak.hr\/eng\/wp-json\/wp\/v2\/pages\/90760\/revisions\/95119"}],"wp:attachment":[{"href":"https:\/\/batak.hr\/eng\/wp-json\/wp\/v2\/media?parent=90760"}],"curies":[{"name":"wp","href":"https:\/\/api.w.org\/{rel}","templated":true}]}}